{"id":11467,"date":"2026-04-01T17:36:58","date_gmt":"2026-04-01T17:36:58","guid":{"rendered":"https:\/\/andreasuarez.es\/?post_type=product&#038;p=11467"},"modified":"2026-04-01T17:36:59","modified_gmt":"2026-04-01T17:36:59","slug":"vale-regalo-4-clases-semanales","status":"publish","type":"product","link":"https:\/\/andreasuarez.es\/producto\/talleres-de-ceramica-en-madrid\/vale-regalo-4-clases-semanales","title":{"rendered":"Vale regalo 4 clases semanales"},"content":{"rendered":"","protected":false},"excerpt":{"rendered":"<p data-start=\"137\" data-end=\"377\">\ud83c\udf81 <strong data-start=\"140\" data-end=\"207\">Regala (o reg\u00e1late) creatividad, calma y manos llenas de barro.<\/strong><br data-start=\"207\" data-end=\"210\" \/>Con este bono accedes a <strong data-start=\"234\" data-end=\"257\">4 clases de 2 horas<\/strong> en nuestro espacio de cer\u00e1mica en <strong data-start=\"292\" data-end=\"320\">Calle Liebre 36 (Madrid)<\/strong>. Un lugar para desconectar, crear y aprender a tu ritmo.<\/p>\n<p data-start=\"379\" data-end=\"695\">\ud83c\udfa8 <strong data-start=\"382\" data-end=\"404\">\u00bfQu\u00e9 puedes hacer?<\/strong><br data-start=\"404\" data-end=\"407\" \/>Todo lo que imagines:<br data-start=\"428\" data-end=\"431\" \/>\u2714\ufe0f <strong data-start=\"434\" data-end=\"461\">Modelado manual y torno<\/strong><br data-start=\"461\" data-end=\"464\" \/>\u2714\ufe0f T\u00e9cnicas de decoraci\u00f3n con engobes y esmaltes<br data-start=\"512\" data-end=\"515\" \/>\u2714\ufe0f Realizaci\u00f3n y esmaltado de tus propias piezas<br data-start=\"563\" data-end=\"566\" \/><strong data-start=\"566\" data-end=\"592\">\u00a1Sin l\u00edmite de piezas!<\/strong> <em data-start=\"593\" data-end=\"695\">(excepto por tama\u00f1o: hasta 30 cm; las que superen los 20 cm pueden tener coste adicional de cocci\u00f3n)<\/em><\/p>\n<p data-start=\"697\" data-end=\"816\">\ud83e\uddf6 <strong data-start=\"700\" data-end=\"745\">Incluye todos los materiales y cocciones:<\/strong><br data-start=\"745\" data-end=\"748\" \/>Barros variados, engobes, esmaltes y hornadas, todo de gran calidad.<\/p>\n<p data-start=\"818\" data-end=\"931\">\ud83d\uddd3 <strong data-start=\"821\" data-end=\"844\">Horario disponible:<\/strong><br data-start=\"844\" data-end=\"847\" \/>\u2013 <strong data-start=\"849\" data-end=\"859\">Lunes:<\/strong> 16:30 a 21:00<br data-start=\"873\" data-end=\"876\" \/>\u2013 <strong data-start=\"878\" data-end=\"901\">Martes y Mi\u00e9rcoles:<\/strong> 12:00 a 15:00 y 16:30 a 21:00<\/p>\n<p data-start=\"933\" data-end=\"1250\">\ud83d\udca1 <strong data-start=\"936\" data-end=\"959\">Flexibilidad total:<\/strong><br data-start=\"959\" data-end=\"962\" \/>Puedes incorporarte a clase a la hora en punto o a y media.<br data-start=\"1021\" data-end=\"1024\" \/>Tambi\u00e9n puedes alargar tu sesi\u00f3n seg\u00fan disponibilidad (abonando el tiempo extra).<br data-start=\"1105\" data-end=\"1108\" \/>Los precios si quieres a\u00f1adir tiempo extra:<br data-start=\"1151\" data-end=\"1154\" \/>\u2013 Bono 4 clases: 110\u20ac<br data-start=\"1171\" data-end=\"1174\" \/>\u2013 Clase suelta: 35\u20ac<br data-start=\"1171\" data-end=\"1174\" \/>\u2013 1 hora: 20\u20ac<br data-start=\"1171\" data-end=\"1174\" \/>\u2013 Media hora: 10\u20ac<br data-start=\"1187\" data-end=\"1190\" \/><em data-start=\"1190\" data-end=\"1250\">(Estos precios aplican tambi\u00e9n si solo asistes ese tiempo)<\/em><\/p>\n<p data-start=\"1252\" data-end=\"1351\">\ud83d\udccc <strong data-start=\"1255\" data-end=\"1280\">Condiciones del bono:<\/strong><br data-start=\"1280\" data-end=\"1283\" \/>\u2013 El bono tiene una caducidad de un a\u00f1o desde su adquisici\u00f3n hasta la asistencia a la primera sesi\u00f3n<br data-start=\"1323\" data-end=\"1326\" \/>\u2013 Es v\u00e1lido durante 2 meses desde su primera sesi\u00f3n<br data-start=\"1323\" data-end=\"1326\" \/>\u2013 Clases no fraccionables<\/p>\n<p data-start=\"1353\" data-end=\"1445\">\ud83c\udf1f <strong data-start=\"1356\" data-end=\"1378\">Lo m\u00e1s importante:<\/strong><br data-start=\"1378\" data-end=\"1381\" \/>Disfruta, aprende y divi\u00e9rtete. Aqu\u00ed vienes a crear sin presi\u00f3n.<\/p>\n","protected":false},"featured_media":9264,"template":"","meta":{"_acf_changed":false,"_et_pb_use_builder":"","_et_pb_old_content":"","_et_gb_content_width":"","_joinchat":[]},"product_brand":[],"product_cat":[29],"product_tag":[],"class_list":{"0":"post-11467","1":"product","2":"type-product","3":"status-publish","4":"has-post-thumbnail","6":"product_cat-talleres-de-ceramica-en-madrid","8":"first","9":"instock","10":"virtual","11":"taxable","12":"purchasable","13":"product-type-simple"},"acf":[],"aioseo_notices":[],"jetpack_sharing_enabled":true,"_links":{"self":[{"href":"https:\/\/andreasuarez.es\/en\/wp-json\/wp\/v2\/product\/11467","targetHints":{"allow":["GET"]}}],"collection":[{"href":"https:\/\/andreasuarez.es\/en\/wp-json\/wp\/v2\/product"}],"about":[{"href":"https:\/\/andreasuarez.es\/en\/wp-json\/wp\/v2\/types\/product"}],"wp:featuredmedia":[{"embeddable":true,"href":"https:\/\/andreasuarez.es\/en\/wp-json\/wp\/v2\/media\/9264"}],"wp:attachment":[{"href":"https:\/\/andreasuarez.es\/en\/wp-json\/wp\/v2\/media?parent=11467"}],"wp:term":[{"taxonomy":"product_brand","embeddable":true,"href":"https:\/\/andreasuarez.es\/en\/wp-json\/wp\/v2\/product_brand?post=11467"},{"taxonomy":"product_cat","embeddable":true,"href":"https:\/\/andreasuarez.es\/en\/wp-json\/wp\/v2\/product_cat?post=11467"},{"taxonomy":"product_tag","embeddable":true,"href":"https:\/\/andreasuarez.es\/en\/wp-json\/wp\/v2\/product_tag?post=11467"}],"curies":[{"name":"wp","href":"https:\/\/api.w.org\/{rel}","templated":true}]}}