{"id":7075,"date":"2022-02-07T16:17:02","date_gmt":"2022-02-07T16:17:02","guid":{"rendered":"https:\/\/andreasuarez.es\/?post_type=product&#038;p=7075"},"modified":"2026-04-02T18:28:42","modified_gmt":"2026-04-02T18:28:42","slug":"vale-bono-4-clases","status":"publish","type":"product","link":"https:\/\/andreasuarez.es\/diseno\/vale-bono-4-clases","title":{"rendered":"Vale de Bono de 4 clases semanales"},"content":{"rendered":"<p>[et_pb_section fb_built=&#8221;1&#8243; disabled_on=&#8221;on|off|off&#8221; _builder_version=&#8221;4.18.0&#8243; custom_padding=&#8221;0px||||false|false&#8221; global_colors_info=&#8221;{}&#8221;][et_pb_row column_structure=&#8221;1_2,1_2&#8243; _builder_version=&#8221;4.16&#8243; background_size=&#8221;initial&#8221; background_position=&#8221;top_left&#8221; background_repeat=&#8221;repeat&#8221; width=&#8221;100%&#8221; custom_padding=&#8221;0px||||false|false&#8221; global_colors_info=&#8221;{}&#8221;][et_pb_column type=&#8221;1_2&#8243; _builder_version=&#8221;4.16&#8243; custom_padding=&#8221;|||&#8221; global_colors_info=&#8221;{}&#8221; custom_padding__hover=&#8221;|||&#8221;][et_pb_wc_images sale_badge_color=&#8221;#ff0015&#8243; _builder_version=&#8221;4.24.0&#8243; sale_badge_font=&#8221;Abel||||||||&#8221; transform_scale=&#8221;108%|108%&#8221; global_colors_info=&#8221;{}&#8221;][\/et_pb_wc_images][\/et_pb_column][et_pb_column type=&#8221;1_2&#8243; _builder_version=&#8221;4.16&#8243; custom_padding=&#8221;|||&#8221; global_colors_info=&#8221;{}&#8221; custom_padding__hover=&#8221;|||&#8221;][et_pb_wc_title disabled_on=&#8221;on|off|off&#8221; _builder_version=&#8221;4.18.0&#8243; header_font=&#8221;Abel||||||||&#8221; custom_margin=&#8221;||11px|||&#8221; global_colors_info=&#8221;{}&#8221;][\/et_pb_wc_title][et_pb_wc_title disabled_on=&#8221;off|on|on&#8221; _builder_version=&#8221;4.18.0&#8243; header_font=&#8221;Abel||||||||&#8221; header_text_align=&#8221;center&#8221; header_font_size=&#8221;20px&#8221; custom_margin=&#8221;||11px|||&#8221; global_colors_info=&#8221;{}&#8221;][\/et_pb_wc_title][et_pb_wc_price disabled_on=&#8221;on|off|off&#8221; _builder_version=&#8221;4.24.0&#8243; body_font=&#8221;Abel||||||||&#8221; body_text_color=&#8221;#000000&#8243; body_font_size=&#8221;18px&#8221; before_sale_price_font=&#8221;||||||||&#8221; before_sale_price_text_color=&#8221;#FF0015&#8243; min_height=&#8221;14px&#8221; global_colors_info=&#8221;{}&#8221;][\/et_pb_wc_price][et_pb_wc_price disabled_on=&#8221;off|on|on&#8221; _builder_version=&#8221;4.24.0&#8243; body_font=&#8221;Abel||||||||&#8221; body_text_color=&#8221;#000000&#8243; body_font_size=&#8221;16px&#8221; before_sale_price_text_color=&#8221;#ff0015&#8243; text_orientation=&#8221;center&#8221; min_height=&#8221;14px&#8221; global_colors_info=&#8221;{}&#8221;][\/et_pb_wc_price][et_pb_wc_description _builder_version=&#8221;4.16&#8243; global_colors_info=&#8221;{}&#8221;][\/et_pb_wc_description][et_pb_wc_add_to_cart show_stock=&#8221;off&#8221; _builder_version=&#8221;4.18.0&#8243; fields_background_color=&#8221;#efefef&#8221; fields_text_color=&#8221;#000000&#8243; field_label_font=&#8221;Abel|700|||||||&#8221; fields_font=&#8221;Abel||||||||&#8221; fields_text_align=&#8221;center&#8221; fields_font_size=&#8221;12px&#8221; dropdown_menus_font=&#8221;Abel||||||||&#8221; custom_button=&#8221;on&#8221; button_text_color=&#8221;#FFFFFF&#8221; body_font=&#8221;Abel|700|||||||&#8221; global_colors_info=&#8221;{}&#8221;][\/et_pb_wc_add_to_cart][et_pb_wc_cart_notice _builder_version=&#8221;4.18.0&#8243; title_font=&#8221;Abel||||||||&#8221; title_text_color=&#8221;#000000&#8243; title_line_height=&#8221;1.4em&#8221; background_color=&#8221;#efefef&#8221; button_text_size=&#8221;14px&#8221; button_bg_color=&#8221;#0A0A0A&#8221; button_border_width=&#8221;1px&#8221; button_font=&#8221;Abel||||||||&#8221; button_icon_color=&#8221;#000000&#8243; border_color_all=&#8221;#000000&#8243; body_font=&#8221;Abel||||||||&#8221; body_text_color=&#8221;#000000&#8243; body_line_height=&#8221;1.4em&#8221; global_colors_info=&#8221;{}&#8221;][\/et_pb_wc_cart_notice][\/et_pb_column][\/et_pb_row][et_pb_row _builder_version=&#8221;4.16&#8243; background_size=&#8221;initial&#8221; background_position=&#8221;top_left&#8221; background_repeat=&#8221;repeat&#8221; width=&#8221;100%&#8221; global_colors_info=&#8221;{}&#8221;][et_pb_column type=&#8221;4_4&#8243; _builder_version=&#8221;4.16&#8243; custom_padding=&#8221;|||&#8221; global_colors_info=&#8221;{}&#8221; custom_padding__hover=&#8221;|||&#8221;][et_pb_wc_tabs _builder_version=&#8221;4.16&#8243; body_font=&#8221;Abel||||||||&#8221; tab_font=&#8221;Abel||||||||&#8221; global_colors_info=&#8221;{}&#8221;] [\/et_pb_wc_tabs][et_pb_wc_upsells _builder_version=&#8221;4.16&#8243; global_colors_info=&#8221;{}&#8221;][\/et_pb_wc_upsells][\/et_pb_column][\/et_pb_row][\/et_pb_section][et_pb_section fb_built=&#8221;1&#8243; disabled_on=&#8221;off|on|on&#8221; _builder_version=&#8221;4.18.0&#8243; custom_margin=&#8221;|0px||0px|false|false&#8221; custom_padding=&#8221;0px|0px|0px|0px|false|false&#8221; global_colors_info=&#8221;{}&#8221;][et_pb_row column_structure=&#8221;1_2,1_2&#8243; _builder_version=&#8221;4.16&#8243; background_size=&#8221;initial&#8221; background_position=&#8221;top_left&#8221; background_repeat=&#8221;repeat&#8221; width=&#8221;100%&#8221; custom_padding=&#8221;0px||||false|false&#8221; global_colors_info=&#8221;{}&#8221;][et_pb_column type=&#8221;1_2&#8243; _builder_version=&#8221;4.16&#8243; custom_padding=&#8221;|||&#8221; global_colors_info=&#8221;{}&#8221; custom_padding__hover=&#8221;|||&#8221;][et_pb_wc_images sale_badge_color=&#8221;#ff0015&#8243; _builder_version=&#8221;4.24.0&#8243; sale_badge_font=&#8221;Abel||||||||&#8221; transform_scale=&#8221;108%|108%&#8221; global_colors_info=&#8221;{}&#8221;][\/et_pb_wc_images][\/et_pb_column][et_pb_column type=&#8221;1_2&#8243; _builder_version=&#8221;4.16&#8243; custom_padding=&#8221;|||&#8221; global_colors_info=&#8221;{}&#8221; custom_padding__hover=&#8221;|||&#8221;][et_pb_wc_title disabled_on=&#8221;on|off|off&#8221; _builder_version=&#8221;4.18.0&#8243; header_font=&#8221;Abel||||||||&#8221; custom_margin=&#8221;||11px|||&#8221; global_colors_info=&#8221;{}&#8221;][\/et_pb_wc_title][et_pb_wc_title disabled_on=&#8221;off|on|on&#8221; _builder_version=&#8221;4.18.0&#8243; header_font=&#8221;Abel||||||||&#8221; header_text_align=&#8221;center&#8221; header_font_size=&#8221;20px&#8221; custom_margin=&#8221;||11px|||&#8221; global_colors_info=&#8221;{}&#8221;][\/et_pb_wc_title][et_pb_wc_price disabled_on=&#8221;on|off|off&#8221; _builder_version=&#8221;4.18.0&#8243; body_font=&#8221;Abel||||||||&#8221; body_text_color=&#8221;#000000&#8243; body_font_size=&#8221;18px&#8221; before_sale_price_text_color=&#8221;#ff0015&#8243; min_height=&#8221;14px&#8221; global_colors_info=&#8221;{}&#8221;][\/et_pb_wc_price][et_pb_wc_price disabled_on=&#8221;off|on|on&#8221; _builder_version=&#8221;4.24.0&#8243; body_font=&#8221;Abel||||||||&#8221; body_text_color=&#8221;#000000&#8243; body_font_size=&#8221;16px&#8221; before_sale_price_text_color=&#8221;#ff0015&#8243; text_orientation=&#8221;center&#8221; min_height=&#8221;14px&#8221; global_colors_info=&#8221;{}&#8221;][\/et_pb_wc_price][et_pb_wc_description _builder_version=&#8221;4.16&#8243; global_colors_info=&#8221;{}&#8221;][\/et_pb_wc_description][et_pb_wc_add_to_cart show_stock=&#8221;off&#8221; _builder_version=&#8221;4.18.0&#8243; fields_background_color=&#8221;#efefef&#8221; fields_text_color=&#8221;#000000&#8243; fields_custom_margin=&#8221;|||0px|false|false&#8221; field_label_font=&#8221;Abel|700|||||||&#8221; fields_font=&#8221;Abel||||||||&#8221; fields_text_align=&#8221;center&#8221; fields_font_size=&#8221;12px&#8221; dropdown_menus_font=&#8221;Abel||||||||&#8221; custom_button=&#8221;on&#8221; button_text_size=&#8221;16px&#8221; button_text_color=&#8221;#FFFFFF&#8221; button_border_width=&#8221;0px&#8221; border_radii_fields=&#8221;on|0px|0px|0px|0px&#8221; body_font=&#8221;Abel|700|||||||&#8221; global_colors_info=&#8221;{}&#8221;][\/et_pb_wc_add_to_cart][et_pb_wc_cart_notice _builder_version=&#8221;4.18.0&#8243; title_font=&#8221;Abel||||||||&#8221; title_text_color=&#8221;#000000&#8243; title_line_height=&#8221;1.4em&#8221; background_color=&#8221;#efefef&#8221; button_text_size=&#8221;14px&#8221; button_bg_color=&#8221;#0A0A0A&#8221; button_border_width=&#8221;1px&#8221; button_font=&#8221;Abel||||||||&#8221; button_icon_color=&#8221;#000000&#8243; border_color_all=&#8221;#000000&#8243; body_font=&#8221;Abel||||||||&#8221; body_text_color=&#8221;#000000&#8243; body_line_height=&#8221;1.4em&#8221; global_colors_info=&#8221;{}&#8221;][\/et_pb_wc_cart_notice][\/et_pb_column][\/et_pb_row][et_pb_row _builder_version=&#8221;4.16&#8243; background_size=&#8221;initial&#8221; background_position=&#8221;top_left&#8221; background_repeat=&#8221;repeat&#8221; width=&#8221;100%&#8221; global_colors_info=&#8221;{}&#8221;][et_pb_column type=&#8221;4_4&#8243; _builder_version=&#8221;4.16&#8243; custom_padding=&#8221;|||&#8221; global_colors_info=&#8221;{}&#8221; custom_padding__hover=&#8221;|||&#8221;][et_pb_wc_tabs _builder_version=&#8221;4.16&#8243; body_font=&#8221;Abel||||||||&#8221; tab_font=&#8221;Abel||||||||&#8221; global_colors_info=&#8221;{}&#8221;] [\/et_pb_wc_tabs][et_pb_wc_upsells _builder_version=&#8221;4.16&#8243; global_colors_info=&#8221;{}&#8221;][\/et_pb_wc_upsells][\/et_pb_column][\/et_pb_row][\/et_pb_section]<\/p>\n","protected":false},"excerpt":{"rendered":"","protected":false},"featured_media":7078,"template":"","meta":{"_acf_changed":false,"_et_pb_use_builder":"on","_et_pb_old_content":"<p data-start=\"137\" data-end=\"377\">\ud83c\udf81 <strong data-start=\"140\" data-end=\"207\">Regala (o reg\u00e1late) creatividad, calma y manos llenas de barro.<\/strong><br data-start=\"207\" data-end=\"210\" \/>Con este bono accedes a <strong data-start=\"234\" data-end=\"257\">4 clases de 2 horas<\/strong> en nuestro espacio de cer\u00e1mica en <strong data-start=\"292\" data-end=\"320\">Calle Liebre 36 (Madrid)<\/strong>. Un lugar para desconectar, crear y aprender a tu ritmo.<\/p>\r\n<p data-start=\"379\" data-end=\"695\">\ud83c\udfa8 <strong data-start=\"382\" data-end=\"404\">\u00bfQu\u00e9 puedes hacer?<\/strong><br data-start=\"404\" data-end=\"407\" \/>Todo lo que imagines:<br data-start=\"428\" data-end=\"431\" \/>\u2714\ufe0f <strong data-start=\"434\" data-end=\"461\">Modelado manual y torno<\/strong><br data-start=\"461\" data-end=\"464\" \/>\u2714\ufe0f T\u00e9cnicas de decoraci\u00f3n con engobes y esmaltes<br data-start=\"512\" data-end=\"515\" \/>\u2714\ufe0f Realizaci\u00f3n y esmaltado de tus propias piezas<br data-start=\"563\" data-end=\"566\" \/><strong data-start=\"566\" data-end=\"592\">\u00a1Sin l\u00edmite de piezas!<\/strong> <em data-start=\"593\" data-end=\"695\">(excepto por tama\u00f1o: hasta 30 cm; las que superen los 20 cm pueden tener coste adicional de cocci\u00f3n)<\/em><\/p>\r\n<p data-start=\"697\" data-end=\"816\">\ud83e\uddf6 <strong data-start=\"700\" data-end=\"745\">Incluye todos los materiales y cocciones:<\/strong><br data-start=\"745\" data-end=\"748\" \/>Barros variados, engobes, esmaltes y hornadas, todo de gran calidad.<\/p>\r\n<p data-start=\"818\" data-end=\"931\">\ud83d\uddd3 <strong data-start=\"821\" data-end=\"844\">Horario disponible:<\/strong><br data-start=\"844\" data-end=\"847\" \/>\u2013 <strong data-start=\"849\" data-end=\"859\">Lunes:<\/strong> 16:30 a 21:00<br data-start=\"873\" data-end=\"876\" \/>\u2013 <strong data-start=\"878\" data-end=\"901\">Martes y Mi\u00e9rcoles:<\/strong> 12:00 a 15:00 y 16:30 a 21:00<\/p>\r\n<p data-start=\"933\" data-end=\"1250\">\ud83d\udca1 <strong data-start=\"936\" data-end=\"959\">Flexibilidad total:<\/strong><br data-start=\"959\" data-end=\"962\" \/>Puedes incorporarte a clase a la hora en punto o a y media.<br data-start=\"1021\" data-end=\"1024\" \/>Tambi\u00e9n puedes alargar tu sesi\u00f3n seg\u00fan disponibilidad (abonando el tiempo extra).<br data-start=\"1105\" data-end=\"1108\" \/>Los precios si quieres a\u00f1adir tiempo extra:<br data-start=\"1151\" data-end=\"1154\" \/>\u2013 Bono 4 clases: 110\u20ac<br data-start=\"1171\" data-end=\"1174\" \/>\u2013 Clase suelta: 35\u20ac<br data-start=\"1171\" data-end=\"1174\" \/>\u2013 1 hora: 20\u20ac<br data-start=\"1171\" data-end=\"1174\" \/>\u2013 Media hora: 10\u20ac<br data-start=\"1187\" data-end=\"1190\" \/><em data-start=\"1190\" data-end=\"1250\">(Estos precios aplican tambi\u00e9n si solo asistes ese tiempo)<\/em><\/p>\r\n<p data-start=\"1252\" data-end=\"1351\">\ud83d\udccc <strong data-start=\"1255\" data-end=\"1280\">Condiciones del bono:<\/strong><br data-start=\"1280\" data-end=\"1283\" \/>\u2013 El bono tiene una caducidad de un a\u00f1o desde su adquisici\u00f3n hasta la asistencia a la primera sesi\u00f3n<br data-start=\"1323\" data-end=\"1326\" \/>\u2013 Es v\u00e1lido durante 2 meses desde su primera sesi\u00f3n<br data-start=\"1323\" data-end=\"1326\" \/>\u2013 Clases no fraccionables<\/p>\r\n<p data-start=\"1353\" data-end=\"1445\">\ud83c\udf1f <strong data-start=\"1356\" data-end=\"1378\">Lo m\u00e1s importante:<\/strong><br data-start=\"1378\" data-end=\"1381\" \/>Disfruta, aprende y divi\u00e9rtete. Aqu\u00ed vienes a crear sin presi\u00f3n.<\/p>","_et_gb_content_width":"","_joinchat":[]},"product_brand":[],"product_cat":[29],"product_tag":[],"class_list":{"0":"post-7075","1":"product","2":"type-product","3":"status-publish","4":"has-post-thumbnail","6":"product_cat-talleres-de-ceramica-en-madrid","8":"first","9":"instock","10":"taxable","11":"shipping-taxable","12":"purchasable","13":"product-type-variable"},"acf":[],"aioseo_notices":[],"jetpack_sharing_enabled":true,"_links":{"self":[{"href":"https:\/\/andreasuarez.es\/en\/wp-json\/wp\/v2\/product\/7075","targetHints":{"allow":["GET"]}}],"collection":[{"href":"https:\/\/andreasuarez.es\/en\/wp-json\/wp\/v2\/product"}],"about":[{"href":"https:\/\/andreasuarez.es\/en\/wp-json\/wp\/v2\/types\/product"}],"wp:featuredmedia":[{"embeddable":true,"href":"https:\/\/andreasuarez.es\/en\/wp-json\/wp\/v2\/media\/7078"}],"wp:attachment":[{"href":"https:\/\/andreasuarez.es\/en\/wp-json\/wp\/v2\/media?parent=7075"}],"wp:term":[{"taxonomy":"product_brand","embeddable":true,"href":"https:\/\/andreasuarez.es\/en\/wp-json\/wp\/v2\/product_brand?post=7075"},{"taxonomy":"product_cat","embeddable":true,"href":"https:\/\/andreasuarez.es\/en\/wp-json\/wp\/v2\/product_cat?post=7075"},{"taxonomy":"product_tag","embeddable":true,"href":"https:\/\/andreasuarez.es\/en\/wp-json\/wp\/v2\/product_tag?post=7075"}],"curies":[{"name":"wp","href":"https:\/\/api.w.org\/{rel}","templated":true}]}}