{"id":7916,"date":"2024-09-08T15:57:31","date_gmt":"2024-09-08T15:57:31","guid":{"rendered":"https:\/\/andreasuarez.es\/?post_type=product&#038;p=7916"},"modified":"2025-09-01T00:04:24","modified_gmt":"2025-09-01T00:04:24","slug":"greek-cross-copia-copia-copia-2","status":"publish","type":"product","link":"https:\/\/andreasuarez.es\/en\/diseno\/greek-cross-copia-copia-copia-2","title":{"rendered":"Venere White"},"content":{"rendered":"<p>[et_pb_section fb_built=&#8221;1&#8243; disabled_on=&#8221;on|off|off&#8221; _builder_version=&#8221;4.18.0&#8243; custom_padding=&#8221;0px||||false|false&#8221; global_colors_info=&#8221;{}&#8221;][et_pb_row column_structure=&#8221;1_2,1_2&#8243; _builder_version=&#8221;4.16&#8243; background_size=&#8221;initial&#8221; background_position=&#8221;top_left&#8221; background_repeat=&#8221;repeat&#8221; width=&#8221;100%&#8221; custom_padding=&#8221;0px||||false|false&#8221; global_colors_info=&#8221;{}&#8221;][et_pb_column type=&#8221;1_2&#8243; _builder_version=&#8221;4.16&#8243; custom_padding=&#8221;|||&#8221; global_colors_info=&#8221;{}&#8221; custom_padding__hover=&#8221;|||&#8221;][et_pb_wc_images _builder_version=&#8221;4.16&#8243; sale_badge_font=&#8221;Abel||||||||&#8221; transform_scale=&#8221;108%|108%&#8221; global_colors_info=&#8221;{}&#8221;][\/et_pb_wc_images][\/et_pb_column][et_pb_column type=&#8221;1_2&#8243; _builder_version=&#8221;4.16&#8243; custom_padding=&#8221;|||&#8221; global_colors_info=&#8221;{}&#8221; custom_padding__hover=&#8221;|||&#8221;][et_pb_wc_title disabled_on=&#8221;on|off|off&#8221; _builder_version=&#8221;4.18.0&#8243; header_font=&#8221;Abel||||||||&#8221; custom_margin=&#8221;||11px|||&#8221; global_colors_info=&#8221;{}&#8221;][\/et_pb_wc_title][et_pb_wc_title disabled_on=&#8221;off|on|on&#8221; _builder_version=&#8221;4.18.0&#8243; header_font=&#8221;Abel||||||||&#8221; header_text_align=&#8221;center&#8221; header_font_size=&#8221;20px&#8221; custom_margin=&#8221;||11px|||&#8221; global_colors_info=&#8221;{}&#8221;][\/et_pb_wc_title][et_pb_wc_price disabled_on=&#8221;on|off|off&#8221; _builder_version=&#8221;4.18.0&#8243; body_font=&#8221;Abel||||||||&#8221; body_text_color=&#8221;#000000&#8243; body_font_size=&#8221;18px&#8221; min_height=&#8221;14px&#8221; global_colors_info=&#8221;{}&#8221;][\/et_pb_wc_price][et_pb_wc_price disabled_on=&#8221;off|on|on&#8221; _builder_version=&#8221;4.18.0&#8243; body_font=&#8221;Abel||||||||&#8221; body_text_color=&#8221;#000000&#8243; body_font_size=&#8221;16px&#8221; text_orientation=&#8221;center&#8221; min_height=&#8221;14px&#8221; global_colors_info=&#8221;{}&#8221;][\/et_pb_wc_price][et_pb_wc_description _builder_version=&#8221;4.16&#8243; global_colors_info=&#8221;{}&#8221;][\/et_pb_wc_description][et_pb_wc_add_to_cart show_stock=&#8221;off&#8221; _builder_version=&#8221;4.18.0&#8243; fields_background_color=&#8221;#efefef&#8221; fields_text_color=&#8221;#000000&#8243; field_label_font=&#8221;Abel|700|||||||&#8221; fields_font=&#8221;Abel||||||||&#8221; fields_text_align=&#8221;center&#8221; fields_font_size=&#8221;12px&#8221; dropdown_menus_font=&#8221;Abel||||||||&#8221; custom_button=&#8221;on&#8221; button_text_color=&#8221;#FFFFFF&#8221; body_font=&#8221;Abel|700|||||||&#8221; global_colors_info=&#8221;{}&#8221;][\/et_pb_wc_add_to_cart][et_pb_wc_cart_notice _builder_version=&#8221;4.18.0&#8243; title_font=&#8221;Abel||||||||&#8221; title_text_color=&#8221;#000000&#8243; title_line_height=&#8221;1.4em&#8221; background_color=&#8221;#efefef&#8221; button_text_size=&#8221;14px&#8221; button_bg_color=&#8221;#0A0A0A&#8221; button_border_width=&#8221;1px&#8221; button_font=&#8221;Abel||||||||&#8221; button_icon_color=&#8221;#000000&#8243; border_color_all=&#8221;#000000&#8243; body_font=&#8221;Abel||||||||&#8221; body_text_color=&#8221;#000000&#8243; body_line_height=&#8221;1.4em&#8221; global_colors_info=&#8221;{}&#8221;][\/et_pb_wc_cart_notice][\/et_pb_column][\/et_pb_row][et_pb_row _builder_version=&#8221;4.16&#8243; background_size=&#8221;initial&#8221; background_position=&#8221;top_left&#8221; background_repeat=&#8221;repeat&#8221; width=&#8221;100%&#8221; global_colors_info=&#8221;{}&#8221;][et_pb_column type=&#8221;4_4&#8243; _builder_version=&#8221;4.16&#8243; custom_padding=&#8221;|||&#8221; global_colors_info=&#8221;{}&#8221; custom_padding__hover=&#8221;|||&#8221;][et_pb_wc_tabs _builder_version=&#8221;4.16&#8243; body_font=&#8221;Abel||||||||&#8221; tab_font=&#8221;Abel||||||||&#8221; global_colors_info=&#8221;{}&#8221;] [\/et_pb_wc_tabs][et_pb_wc_upsells _builder_version=&#8221;4.16&#8243; global_colors_info=&#8221;{}&#8221;][\/et_pb_wc_upsells][et_pb_wc_related_products show_rating=&#8221;off&#8221; _builder_version=&#8221;4.18.0&#8243; title_font=&#8221;Abel|700|||on||||&#8221; title_line_height=&#8221;1.4em&#8221; product_title_font=&#8221;Abel||||||||&#8221; product_title_font_size=&#8221;16px&#8221; price_font=&#8221;Abel||||||||&#8221; price_font_size=&#8221;13px&#8221; text_orientation=&#8221;center&#8221; global_colors_info=&#8221;{}&#8221;][\/et_pb_wc_related_products][\/et_pb_column][\/et_pb_row][\/et_pb_section][et_pb_section fb_built=&#8221;1&#8243; disabled_on=&#8221;off|on|on&#8221; _builder_version=&#8221;4.18.0&#8243; custom_margin=&#8221;|0px||0px|false|false&#8221; custom_padding=&#8221;0px|0px|0px|0px|false|false&#8221; global_colors_info=&#8221;{}&#8221;][et_pb_row column_structure=&#8221;1_2,1_2&#8243; _builder_version=&#8221;4.16&#8243; background_size=&#8221;initial&#8221; background_position=&#8221;top_left&#8221; background_repeat=&#8221;repeat&#8221; width=&#8221;100%&#8221; custom_padding=&#8221;0px||||false|false&#8221; global_colors_info=&#8221;{}&#8221;][et_pb_column type=&#8221;1_2&#8243; _builder_version=&#8221;4.16&#8243; custom_padding=&#8221;|||&#8221; global_colors_info=&#8221;{}&#8221; custom_padding__hover=&#8221;|||&#8221;][et_pb_wc_images _builder_version=&#8221;4.16&#8243; sale_badge_font=&#8221;Abel||||||||&#8221; transform_scale=&#8221;108%|108%&#8221; global_colors_info=&#8221;{}&#8221;][\/et_pb_wc_images][\/et_pb_column][et_pb_column type=&#8221;1_2&#8243; _builder_version=&#8221;4.16&#8243; custom_padding=&#8221;|||&#8221; global_colors_info=&#8221;{}&#8221; custom_padding__hover=&#8221;|||&#8221;][et_pb_wc_title disabled_on=&#8221;on|off|off&#8221; _builder_version=&#8221;4.18.0&#8243; header_font=&#8221;Abel||||||||&#8221; custom_margin=&#8221;||11px|||&#8221; global_colors_info=&#8221;{}&#8221;][\/et_pb_wc_title][et_pb_wc_title disabled_on=&#8221;off|on|on&#8221; _builder_version=&#8221;4.18.0&#8243; header_font=&#8221;Abel||||||||&#8221; header_text_align=&#8221;center&#8221; header_font_size=&#8221;20px&#8221; custom_margin=&#8221;||11px|||&#8221; global_colors_info=&#8221;{}&#8221;][\/et_pb_wc_title][et_pb_wc_price disabled_on=&#8221;on|off|off&#8221; _builder_version=&#8221;4.18.0&#8243; body_font=&#8221;Abel||||||||&#8221; body_text_color=&#8221;#000000&#8243; body_font_size=&#8221;18px&#8221; min_height=&#8221;14px&#8221; global_colors_info=&#8221;{}&#8221;][\/et_pb_wc_price][et_pb_wc_price disabled_on=&#8221;off|on|on&#8221; _builder_version=&#8221;4.18.0&#8243; body_font=&#8221;Abel||||||||&#8221; body_text_color=&#8221;#000000&#8243; body_font_size=&#8221;16px&#8221; text_orientation=&#8221;center&#8221; min_height=&#8221;14px&#8221; global_colors_info=&#8221;{}&#8221;][\/et_pb_wc_price][et_pb_wc_description _builder_version=&#8221;4.16&#8243; global_colors_info=&#8221;{}&#8221;][\/et_pb_wc_description][et_pb_wc_add_to_cart show_stock=&#8221;off&#8221; _builder_version=&#8221;4.18.0&#8243; fields_background_color=&#8221;#efefef&#8221; fields_text_color=&#8221;#000000&#8243; fields_custom_margin=&#8221;|||0px|false|false&#8221; field_label_font=&#8221;Abel|700|||||||&#8221; fields_font=&#8221;Abel||||||||&#8221; fields_text_align=&#8221;center&#8221; fields_font_size=&#8221;12px&#8221; dropdown_menus_font=&#8221;Abel||||||||&#8221; custom_button=&#8221;on&#8221; button_text_size=&#8221;16px&#8221; button_text_color=&#8221;#FFFFFF&#8221; button_border_width=&#8221;0px&#8221; border_radii_fields=&#8221;on|0px|0px|0px|0px&#8221; body_font=&#8221;Abel|700|||||||&#8221; global_colors_info=&#8221;{}&#8221;][\/et_pb_wc_add_to_cart][et_pb_wc_cart_notice _builder_version=&#8221;4.18.0&#8243; title_font=&#8221;Abel||||||||&#8221; title_text_color=&#8221;#000000&#8243; title_line_height=&#8221;1.4em&#8221; background_color=&#8221;#efefef&#8221; button_text_size=&#8221;14px&#8221; button_bg_color=&#8221;#0A0A0A&#8221; button_border_width=&#8221;1px&#8221; button_font=&#8221;Abel||||||||&#8221; button_icon_color=&#8221;#000000&#8243; border_color_all=&#8221;#000000&#8243; body_font=&#8221;Abel||||||||&#8221; body_text_color=&#8221;#000000&#8243; body_line_height=&#8221;1.4em&#8221; global_colors_info=&#8221;{}&#8221;][\/et_pb_wc_cart_notice][\/et_pb_column][\/et_pb_row][et_pb_row _builder_version=&#8221;4.16&#8243; background_size=&#8221;initial&#8221; background_position=&#8221;top_left&#8221; background_repeat=&#8221;repeat&#8221; width=&#8221;100%&#8221; global_colors_info=&#8221;{}&#8221;][et_pb_column type=&#8221;4_4&#8243; _builder_version=&#8221;4.16&#8243; custom_padding=&#8221;|||&#8221; global_colors_info=&#8221;{}&#8221; custom_padding__hover=&#8221;|||&#8221;][et_pb_wc_tabs _builder_version=&#8221;4.16&#8243; body_font=&#8221;Abel||||||||&#8221; tab_font=&#8221;Abel||||||||&#8221; global_colors_info=&#8221;{}&#8221;] [\/et_pb_wc_tabs][et_pb_wc_upsells _builder_version=&#8221;4.16&#8243; global_colors_info=&#8221;{}&#8221;][\/et_pb_wc_upsells][et_pb_wc_related_products show_rating=&#8221;off&#8221; _builder_version=&#8221;4.18.0&#8243; title_font=&#8221;Abel|700|||on||||&#8221; title_line_height=&#8221;1.4em&#8221; product_title_font=&#8221;Abel||||||||&#8221; product_title_font_size=&#8221;16px&#8221; price_font=&#8221;Abel||||||||&#8221; price_font_size=&#8221;13px&#8221; text_orientation=&#8221;center&#8221; global_colors_info=&#8221;{}&#8221;][\/et_pb_wc_related_products][\/et_pb_column][\/et_pb_row][\/et_pb_section]<\/p>\n","protected":false},"excerpt":{"rendered":"<div class=\"relative p-1 rounded-sm flex items-center justify-center bg-token-main-surface-primary text-token-text-primary h-8 w-8\">Sculpture in the shape of female buttocks, made of porcelain.<\/div>\n<div>Measurements are approximated 10 x 10 x 7 cm (3.94 x 3.94 x 2.76 in)<\/div>\n","protected":false},"featured_media":8016,"template":"","meta":{"_acf_changed":false,"_et_pb_use_builder":"on","_et_pb_old_content":"Escultura cer\u00e1mica en forma de gl\u00fateos femeninos acabada en blanco que rinde homenaje a la diosa Venus, s\u00edmbolo de la belleza, el amor y la fertilidad en la mitolog\u00eda romana. Esta pieza captura la esencia de la gracia y la feminidad, fusionando la elegancia cl\u00e1sica con una visi\u00f3n contempor\u00e1nea y \u00fanica. \"Venere\" invita al espectador a conectar con la belleza atemporal y la energ\u00eda divina de la diosa.\r\n\r\nExisten dos piezas con tipos de acabados diferentes, uno mate y otro brillo.\r\n\r\nAl ser una pieza hecha a mano puede presentar peque\u00f1as irregularidades que la hacen \u00fanica.\r\n\r\nLa porcelana es un material cer\u00e1mico que se destaca por su alta calidad, dureza y durabilidad. Tiene un proceso de cocci\u00f3n en el que se alcanzan temperaturas superiores a 1300 grados que le confiere a la porcelana sus caracter\u00edsticas distintivas como son la no porosidad y la notable resistencia a los golpes y al calor.\r\n\r\nEl esmalte que empleamos no es t\u00f3xico, por lo que la pieza podr\u00eda contener tanto alimentos como l\u00edquidos\r\n\r\nApto para el lavavajillas\r\n\r\nLas medidas aproximadas son 10 x 10 x 7 cm (3.94 x 3.94 x 2.76 in)","_et_gb_content_width":"","_joinchat":[]},"product_brand":[],"product_cat":[48,88,71],"product_tag":[],"class_list":{"0":"post-7916","1":"product","2":"type-product","3":"status-publish","4":"has-post-thumbnail","6":"product_cat-decoration","7":"product_cat-porcelain","8":"product_cat-todos-en","10":"first","11":"instock","12":"taxable","13":"shipping-taxable","14":"purchasable","15":"product-type-variable","16":"has-default-attributes"},"acf":[],"aioseo_notices":[],"jetpack_sharing_enabled":true,"_links":{"self":[{"href":"https:\/\/andreasuarez.es\/en\/wp-json\/wp\/v2\/product\/7916","targetHints":{"allow":["GET"]}}],"collection":[{"href":"https:\/\/andreasuarez.es\/en\/wp-json\/wp\/v2\/product"}],"about":[{"href":"https:\/\/andreasuarez.es\/en\/wp-json\/wp\/v2\/types\/product"}],"wp:featuredmedia":[{"embeddable":true,"href":"https:\/\/andreasuarez.es\/en\/wp-json\/wp\/v2\/media\/8016"}],"wp:attachment":[{"href":"https:\/\/andreasuarez.es\/en\/wp-json\/wp\/v2\/media?parent=7916"}],"wp:term":[{"taxonomy":"product_brand","embeddable":true,"href":"https:\/\/andreasuarez.es\/en\/wp-json\/wp\/v2\/product_brand?post=7916"},{"taxonomy":"product_cat","embeddable":true,"href":"https:\/\/andreasuarez.es\/en\/wp-json\/wp\/v2\/product_cat?post=7916"},{"taxonomy":"product_tag","embeddable":true,"href":"https:\/\/andreasuarez.es\/en\/wp-json\/wp\/v2\/product_tag?post=7916"}],"curies":[{"name":"wp","href":"https:\/\/api.w.org\/{rel}","templated":true}]}}